{"id":3552,"date":"2022-07-20T14:23:18","date_gmt":"2022-07-20T12:23:18","guid":{"rendered":"http:\/\/algo-care.com\/?page_id=3552"},"modified":"2022-07-25T14:29:15","modified_gmt":"2022-07-25T12:29:15","slug":"pubblicazioni","status":"publish","type":"page","link":"https:\/\/algo-care.com\/it\/pubblicazioni\/","title":{"rendered":"Pubblicazioni"},"content":{"rendered":"\n<style type=\"text\/css\" data-created_by=\"avia_inline_auto\" id=\"style-css-av-uctur4-7a6a9f5a570f60f84b7c2da89f892ee6\">\n.avia-section.av-uctur4-7a6a9f5a570f60f84b7c2da89f892ee6{\nmargin-top:0px;\nmargin-bottom:20px;\n}\n<\/style>\n<div id='av_section_1'  class='avia-section av-uctur4-7a6a9f5a570f60f84b7c2da89f892ee6 main_color avia-section-default avia-no-border-styling  avia-builder-el-0  el_before_av_section  avia-builder-el-first  avia-bg-style-scroll container_wrap sidebar_right'  ><div class='container av-section-cont-open' ><main  role=\"main\" itemprop=\"mainContentOfPage\"  class='template-page content  av-content-small alpha units'><div class='post-entry post-entry-type-page post-entry-3552'><div class='entry-content-wrapper clearfix'>\n\n<style type=\"text\/css\" data-created_by=\"avia_inline_auto\" id=\"style-css-av-sxbn7k-0ee3ae1b0698d1a96a8377e52de5d48f\">\n#top .flex_column.av-sxbn7k-0ee3ae1b0698d1a96a8377e52de5d48f{\nmargin-top:0px;\nmargin-bottom:0px;\n}\n.flex_column.av-sxbn7k-0ee3ae1b0698d1a96a8377e52de5d48f{\nborder-radius:0px 0px 0px 0px;\npadding:0px 0px 0px 0px;\n}\n.responsive #top #wrap_all .flex_column.av-sxbn7k-0ee3ae1b0698d1a96a8377e52de5d48f{\nmargin-top:0px;\nmargin-bottom:0px;\n}\n<\/style>\n<div  class='flex_column av-sxbn7k-0ee3ae1b0698d1a96a8377e52de5d48f av_one_fifth  avia-builder-el-1  el_before_av_three_fifth  avia-builder-el-first  first no_margin flex_column_div av-animated-generic left-to-right av-zero-column-padding  '     ><\/div>\n<style type=\"text\/css\" data-created_by=\"avia_inline_auto\" id=\"style-css-av-rih85c-65ba3797da741cb1f96ded15e5970fa1\">\n#top .flex_column.av-rih85c-65ba3797da741cb1f96ded15e5970fa1{\nmargin-top:0px;\nmargin-bottom:0px;\n}\n.flex_column.av-rih85c-65ba3797da741cb1f96ded15e5970fa1{\nborder-radius:0px 0px 0px 0px;\npadding:0px 0px 0px 0px;\n}\n.responsive #top #wrap_all .flex_column.av-rih85c-65ba3797da741cb1f96ded15e5970fa1{\nmargin-top:0px;\nmargin-bottom:0px;\n}\n<\/style>\n<div  class='flex_column av-rih85c-65ba3797da741cb1f96ded15e5970fa1 av_three_fifth  avia-builder-el-2  el_after_av_one_fifth  el_before_av_one_fifth  no_margin flex_column_div av-animated-generic left-to-right av-zero-column-padding  '     ><p>\n<style type=\"text\/css\" data-created_by=\"avia_inline_auto\" id=\"style-css-av-l5wc8ch8-f601734c8505eb25aa4ac4192fe934d6\">\n#top .av-special-heading.av-l5wc8ch8-f601734c8505eb25aa4ac4192fe934d6{\npadding-bottom:10px;\n}\nbody .av-special-heading.av-l5wc8ch8-f601734c8505eb25aa4ac4192fe934d6 .av-special-heading-tag .heading-char{\nfont-size:25px;\n}\n.av-special-heading.av-l5wc8ch8-f601734c8505eb25aa4ac4192fe934d6 .av-subheading{\nfont-size:15px;\n}\n<\/style>\n<div  class='av-special-heading av-l5wc8ch8-f601734c8505eb25aa4ac4192fe934d6 av-special-heading-h2 blockquote modern-quote modern-centered  avia-builder-el-3  el_before_av_hr  avia-builder-el-first '><h2 class='av-special-heading-tag '  itemprop=\"headline\"  >Pubblicazioni<\/h2><div class=\"special-heading-border\"><div class=\"special-heading-inner-border\"><\/div><\/div><\/div><br \/>\n\n<style type=\"text\/css\" data-created_by=\"avia_inline_auto\" id=\"style-css-av-py7c1s-d9b591bfdac2efc0bbbd98f630f6f7f3\">\n#top .hr.av-py7c1s-d9b591bfdac2efc0bbbd98f630f6f7f3{\nmargin-top:0px;\nmargin-bottom:20px;\n}\n.hr.av-py7c1s-d9b591bfdac2efc0bbbd98f630f6f7f3 .hr-inner{\nwidth:30px;\nborder-color:#0063af;\n}\n<\/style>\n<div  class='hr av-py7c1s-d9b591bfdac2efc0bbbd98f630f6f7f3 hr-custom  avia-builder-el-4  el_after_av_heading  avia-builder-el-last  hr-center hr-icon-no'><span class='hr-inner inner-border-av-border-fat'><span class=\"hr-inner-style\"><\/span><\/span><\/div><\/p><\/div>\n<style type=\"text\/css\" data-created_by=\"avia_inline_auto\" id=\"style-css-av-2d5hog-acc6e71021c0cf914815cfe7a589d4ac\">\n#top .flex_column.av-2d5hog-acc6e71021c0cf914815cfe7a589d4ac{\nmargin-top:0px;\nmargin-bottom:0px;\n}\n.flex_column.av-2d5hog-acc6e71021c0cf914815cfe7a589d4ac{\nborder-radius:0px 0px 0px 0px;\npadding:0px 0px 0px 0px;\n}\n.responsive #top #wrap_all .flex_column.av-2d5hog-acc6e71021c0cf914815cfe7a589d4ac{\nmargin-top:0px;\nmargin-bottom:0px;\n}\n<\/style>\n<div  class='flex_column av-2d5hog-acc6e71021c0cf914815cfe7a589d4ac av_one_fifth  avia-builder-el-5  el_after_av_three_fifth  el_before_av_three_fifth  no_margin flex_column_div av-animated-generic left-to-right av-zero-column-padding  '     ><\/div>\n<style type=\"text\/css\" data-created_by=\"avia_inline_auto\" id=\"style-css-av-mhxiy8-eb36e30fb9ec9d505372b7aae50aefe3\">\n#top .flex_column.av-mhxiy8-eb36e30fb9ec9d505372b7aae50aefe3{\nmargin-top:0px;\nmargin-bottom:0px;\n}\n.flex_column.av-mhxiy8-eb36e30fb9ec9d505372b7aae50aefe3{\nborder-radius:0px 0px 0px 0px;\npadding:0px 0px 0px 0px;\n}\n.responsive #top #wrap_all .flex_column.av-mhxiy8-eb36e30fb9ec9d505372b7aae50aefe3{\nmargin-top:0px;\nmargin-bottom:0px;\n}\n<\/style>\n<div  class='flex_column av-mhxiy8-eb36e30fb9ec9d505372b7aae50aefe3 av_three_fifth  avia-builder-el-6  el_after_av_one_fifth  el_before_av_two_fifth  first flex_column_div av-animated-generic left-to-right av-zero-column-padding  column-top-margin'     ><section  class='av_textblock_section av-l293n4-b5a1ba5fb4a0592665b2e1c0ee139e48 '   itemscope=\"itemscope\" itemtype=\"https:\/\/schema.org\/CreativeWork\" ><div class='avia_textblock'  itemprop=\"text\" ><p>Grazie alla continua ricerca scientifica e all\u2019incredibile livello di qualit\u00e0 i servizi offerti da TSS Medical sono i protagonisti di una realt\u00e0 estremamente affidabile che si \u00e8 consolidata negli anni.<br \/>\nPer questi motivi ci rende orgogliosi mostrarvi alcune pubblicazioni riguardanti il nostro operato.<\/p>\n<\/div><\/section><\/div>\n<style type=\"text\/css\" data-created_by=\"avia_inline_auto\" id=\"style-css-av-ifl6gg-8d4afb5c6a9cd9e0db56f69626a9486a\">\n#top .flex_column.av-ifl6gg-8d4afb5c6a9cd9e0db56f69626a9486a{\nmargin-top:0px;\nmargin-bottom:0px;\n}\n.flex_column.av-ifl6gg-8d4afb5c6a9cd9e0db56f69626a9486a{\nborder-radius:0px 0px 0px 0px;\npadding:0px 0px 0px 0px;\n}\n.responsive #top #wrap_all .flex_column.av-ifl6gg-8d4afb5c6a9cd9e0db56f69626a9486a{\nmargin-top:0px;\nmargin-bottom:0px;\n}\n<\/style>\n<div  class='flex_column av-ifl6gg-8d4afb5c6a9cd9e0db56f69626a9486a av_two_fifth  avia-builder-el-8  el_after_av_three_fifth  avia-builder-el-last  flex_column_div av-animated-generic left-to-right av-zero-column-padding  column-top-margin'     ><section  class='av_textblock_section av-l5wc906s-8684e67c852504e3cf55bff7c1bd9e8d '   itemscope=\"itemscope\" itemtype=\"https:\/\/schema.org\/CreativeWork\" ><div class='avia_textblock'  itemprop=\"text\" ><blockquote>\n<p>Una realt\u00e0 solida che da anni regala soddisfazioni<\/p>\n<\/blockquote>\n<\/div><\/section><\/div><\/div><\/div><\/main><!-- close content main element --><\/div><\/div><div id='av_section_2'  class='avia-section av-l5s8zf1e-5328b1104f6f0900ce01e1be73e5bf98 main_color avia-section-default avia-no-border-styling  avia-builder-el-10  el_after_av_section  avia-builder-el-last  avia-bg-style-scroll container_wrap sidebar_right'  ><div class='container av-section-cont-open' ><div class='template-page content  av-content-small alpha units'><div class='post-entry post-entry-type-page post-entry-3552'><div class='entry-content-wrapper clearfix'>\n\n<style type=\"text\/css\" data-created_by=\"avia_inline_auto\" id=\"style-css-av-gt6zg0-0578ce151eae170b85bd156824782ea2\">\n#top .av-special-heading.av-gt6zg0-0578ce151eae170b85bd156824782ea2{\npadding-bottom:10px;\n}\nbody .av-special-heading.av-gt6zg0-0578ce151eae170b85bd156824782ea2 .av-special-heading-tag .heading-char{\nfont-size:25px;\n}\n.av-special-heading.av-gt6zg0-0578ce151eae170b85bd156824782ea2 .av-subheading{\nfont-size:15px;\n}\n<\/style>\n<div  class='av-special-heading av-gt6zg0-0578ce151eae170b85bd156824782ea2 av-special-heading-h3 blockquote classic-quote classic-quote-left  avia-builder-el-11  el_before_av_textblock  avia-builder-el-first '><h3 class='av-special-heading-tag '  itemprop=\"headline\"  >Evaluation of Cell Migration and Cytokines Expression Changes under the Radiofrequency Electromagnetic Field on Wound Healing In Vitro Model<\/h3><div class=\"special-heading-border\"><div class=\"special-heading-inner-border\"><\/div><\/div><\/div>\n<section  class='av_textblock_section av-gelfow-fff4ae234693b1ef2d27848abb890928 '   itemscope=\"itemscope\" itemtype=\"https:\/\/schema.org\/CreativeWork\" ><div class='avia_textblock'  itemprop=\"text\" ><p>Studio clinico dell\u2019Universit\u00e0 di Chieti<\/p>\n<\/div><\/section>\n\n<style type=\"text\/css\" data-created_by=\"avia_inline_auto\" id=\"style-css-av-1ft034-89d5b99b6cc7f3f972c9e6cd93fbce7c\">\n#top .hr.av-1ft034-89d5b99b6cc7f3f972c9e6cd93fbce7c{\nmargin-top:0px;\nmargin-bottom:20px;\n}\n.hr.av-1ft034-89d5b99b6cc7f3f972c9e6cd93fbce7c .hr-inner{\nwidth:30px;\nborder-color:#0063af;\n}\n<\/style>\n<div  class='hr av-1ft034-89d5b99b6cc7f3f972c9e6cd93fbce7c hr-custom  avia-builder-el-13  el_after_av_textblock  el_before_av_one_full  hr-left hr-icon-no'><span class='hr-inner inner-border-av-border-fat'><span class=\"hr-inner-style\"><\/span><\/span><\/div>\n<div  class='flex_column av-c5cw0g-839a35ac2b06005c4bd082538c64aa3d av_one_full  avia-builder-el-14  el_after_av_hr  el_before_av_hr  first flex_column_div  '     ><p><section  class='av_textblock_section av-13cee8-4ee14e8d9cd15b30724ff966b1dd8957 '   itemscope=\"itemscope\" itemtype=\"https:\/\/schema.org\/CreativeWork\" ><div class='avia_textblock'  itemprop=\"text\" ><p>Wound healing (WH) proceeds through four distinct phases: hemostasis, inflammation, proliferation, and remodeling. Impaired WH may be the consequence of the alteration of one of these phases and represents a significant health and economic burden to millions of individuals. Thus, new therapeutic strategies are the topics of intense research worldwide. Although radiofrequency electromagnetic field (RF-EMF) has many medical applications in rehabilitation, pain associated with musculoskeletal disorders, and degenerative joint disorders, its impact on WH is not fully understood. The process of WH begins just after injury and continues during the inflammatory and proliferative phases. A thorough understanding of the mechanisms by which RF-EMF can improve WH is required before it can be used as a non-invasive, inexpensive, and easily self-applicable therapeutic strategy. Thus, the aim of this study is to explore the therapeutic potential of different exposure setups of RF-EMF to drive faster healing, evaluating the keratinocytes migration, cytokines, and matrix metalloproteinases (MMPs) expression. The results showed that RF-EMF treatment promotes keratinocytes\u2019 migration and regulates the expression of genes involved in healing, such as MMPs, tissue inhibitors of metalloproteinases, and pro\/anti-inflammatory cytokines, to improve WH.<\/p>\n<\/div><\/section><br \/>\n\n<style type=\"text\/css\" data-created_by=\"avia_inline_auto\" id=\"style-css-av-9pldq8-d80d70717affcc04e84dc87953cd5754\">\n#top .hr.hr-invisible.av-9pldq8-d80d70717affcc04e84dc87953cd5754{\nheight:30px;\n}\n<\/style>\n<div  class='hr av-9pldq8-d80d70717affcc04e84dc87953cd5754 hr-invisible  avia-builder-el-16  el_after_av_textblock  el_before_av_buttonrow '><span class='hr-inner '><span class=\"hr-inner-style\"><\/span><\/span><\/div><br \/>\n<div  class='avia-buttonrow-wrap av-l5wcpq5l-7562900fa0286421ed1c282f57f414e0 avia-buttonrow-center  avia-builder-el-17  el_after_av_hr  avia-builder-el-last '>\n\n<style type=\"text\/css\" data-created_by=\"avia_inline_auto\" id=\"style-css-av-l5wcppd6-12623b5705f6d312d27e2154d01223b6\">\n#top #wrap_all .avia-button.av-l5wcppd6-12623b5705f6d312d27e2154d01223b6{\nbackground-color:#0063af;\nborder-color:#0063af;\ncolor:#ffffff;\nborder-style:none;\nborder-radius:30px 30px 30px 30px;\nbox-shadow:none;\ntransition:all 0.4s ease-in-out;\nmargin-bottom:15px;\nmargin-right:8px;\nmargin-left:8px;\n}\n#top #wrap_all .avia-button.av-l5wcppd6-12623b5705f6d312d27e2154d01223b6:hover{\nbackground-color:#3791d6;\ncolor:#ffffff;\ntransition:all 0.4s ease-in-out;\n}\n#top #wrap_all .avia-button.av-l5wcppd6-12623b5705f6d312d27e2154d01223b6:hover .avia_button_background{\nborder-radius:30px 30px 30px 30px;\n}\n#top #wrap_all .avia-button.av-l5wcppd6-12623b5705f6d312d27e2154d01223b6 .avia-svg-icon svg:first-child{\nfill:#ffffff;\nstroke:#ffffff;\n}\n#top #wrap_all .avia-button.av-l5wcppd6-12623b5705f6d312d27e2154d01223b6:hover .avia-svg-icon svg:first-child{\nfill:#ffffff;\nstroke:#ffffff;\n}\n<\/style>\n<a href='http:\/\/algo-care.com\/wp-content\/uploads\/2022\/07\/algocare-clinical-article.pdf'  class='avia-button av-l5wcppd6-12623b5705f6d312d27e2154d01223b6 avia-icon_select-yes-left-icon avia-size-large'  target=\"_blank\"  rel=\"noopener noreferrer\"  aria-label=\"SCARICA IL PDF\"><span class='avia_button_icon avia_button_icon_left avia-iconfont avia-font-entypo-fontello' data-av_icon='\ue84b' data-av_iconfont='entypo-fontello' ><\/span><span class='avia_iconbox_title' >SCARICA IL PDF<\/span><\/a>\n<\/div><\/p><\/div>\n<style type=\"text\/css\" data-created_by=\"avia_inline_auto\" id=\"style-css-av-l5wcb72r-df04d2bf414e4abc393c32c2e5d039b9\">\n#top .hr.hr-invisible.av-l5wcb72r-df04d2bf414e4abc393c32c2e5d039b9{\nheight:50px;\n}\n<\/style>\n<div  class='hr av-l5wcb72r-df04d2bf414e4abc393c32c2e5d039b9 hr-invisible  avia-builder-el-18  el_after_av_one_full  el_before_av_heading '><span class='hr-inner '><span class=\"hr-inner-style\"><\/span><\/span><\/div>\n\n<style type=\"text\/css\" data-created_by=\"avia_inline_auto\" id=\"style-css-av-6d6vqq-fd4383fd7ea9e76e338b1b93d8068bce\">\n#top .av-special-heading.av-6d6vqq-fd4383fd7ea9e76e338b1b93d8068bce{\npadding-bottom:10px;\n}\nbody .av-special-heading.av-6d6vqq-fd4383fd7ea9e76e338b1b93d8068bce .av-special-heading-tag .heading-char{\nfont-size:25px;\n}\n.av-special-heading.av-6d6vqq-fd4383fd7ea9e76e338b1b93d8068bce .av-subheading{\nfont-size:15px;\n}\n<\/style>\n<div  class='av-special-heading av-6d6vqq-fd4383fd7ea9e76e338b1b93d8068bce av-special-heading-h3 blockquote classic-quote classic-quote-left  avia-builder-el-19  el_after_av_hr  el_before_av_textblock '><h3 class='av-special-heading-tag '  itemprop=\"headline\"  >Stare bene oggi \u00e8 pi\u00f9 semplice<\/h3><div class=\"special-heading-border\"><div class=\"special-heading-inner-border\"><\/div><\/div><\/div>\n<section  class='av_textblock_section av-l5wc8kz4-958d75edd03c57421a3f52993552503a '   itemscope=\"itemscope\" itemtype=\"https:\/\/schema.org\/CreativeWork\" ><div class='avia_textblock'  itemprop=\"text\" ><p>Intervista di Salute e benessere<\/p>\n<\/div><\/section>\n\n<style type=\"text\/css\" data-created_by=\"avia_inline_auto\" id=\"style-css-av-olx68-7e92ec1fb913aff29391960b7f5440f8\">\n#top .hr.av-olx68-7e92ec1fb913aff29391960b7f5440f8{\nmargin-top:0px;\nmargin-bottom:20px;\n}\n.hr.av-olx68-7e92ec1fb913aff29391960b7f5440f8 .hr-inner{\nwidth:30px;\nborder-color:#0063af;\n}\n<\/style>\n<div  class='hr av-olx68-7e92ec1fb913aff29391960b7f5440f8 hr-custom  avia-builder-el-21  el_after_av_textblock  el_before_av_one_full  hr-left hr-icon-no'><span class='hr-inner inner-border-av-border-fat'><span class=\"hr-inner-style\"><\/span><\/span><\/div>\n<div  class='flex_column av-555vvk-db942ba0ff1e2f4291d5c170906808ba av_one_full  avia-builder-el-22  el_after_av_hr  avia-builder-el-last  first flex_column_div  '     ><p><section  class='av_textblock_section av-4kexg0-99fe8a4f108ec4ca922302da964f915b '   itemscope=\"itemscope\" itemtype=\"https:\/\/schema.org\/CreativeWork\" ><div class='avia_textblock'  itemprop=\"text\" ><p>AlgoCare si basa su una tecnologia utilizzata da molti anni, cui Tecnica Scientifica ha dato il valore aggiunto delle piccole dimensioni, caratteristica che ha ampliato enormemente il campo di applicazione.<br \/>\nSe si subisce un intervento chirurgico, o un trauma, la fase pi\u00f9 fastidiosa \u00e8 quella che viene dopo. Quando il dolore e il fastidio provocati dall\u2019infiammazione e dall\u2019edema ci tengono costretti in ospedale o a casa a riempirci di farmaci e impossibilitati a riprendere le nostre quotidiane attivit\u00e0.<\/p>\n<\/div><\/section><br \/>\n\n<style type=\"text\/css\" data-created_by=\"avia_inline_auto\" id=\"style-css-av-2ik3uo-bd44fda0babcf9095c885f1d2612bf89\">\n#top .hr.hr-invisible.av-2ik3uo-bd44fda0babcf9095c885f1d2612bf89{\nheight:30px;\n}\n<\/style>\n<div  class='hr av-2ik3uo-bd44fda0babcf9095c885f1d2612bf89 hr-invisible  avia-builder-el-24  el_after_av_textblock  el_before_av_buttonrow '><span class='hr-inner '><span class=\"hr-inner-style\"><\/span><\/span><\/div><br \/>\n<div  class='avia-buttonrow-wrap av-l5wcg2g2-7e861dc997a8c443d93d92fa27f59101 avia-buttonrow-center  avia-builder-el-25  el_after_av_hr  avia-builder-el-last '>\n\n<style type=\"text\/css\" data-created_by=\"avia_inline_auto\" id=\"style-css-av-l5wcfciu-813d09efe52dc1c61f2a651df87d66ec\">\n#top #wrap_all .avia-button.av-l5wcfciu-813d09efe52dc1c61f2a651df87d66ec{\nbackground-color:#0063af;\nborder-color:#0063af;\ncolor:#ffffff;\nborder-style:none;\nborder-radius:30px 30px 30px 30px;\nbox-shadow:none;\ntransition:all 0.4s ease-in-out;\nmargin-bottom:15px;\nmargin-right:8px;\nmargin-left:8px;\n}\n#top #wrap_all .avia-button.av-l5wcfciu-813d09efe52dc1c61f2a651df87d66ec:hover{\nbackground-color:#3791d6;\ncolor:#ffffff;\ntransition:all 0.4s ease-in-out;\n}\n#top #wrap_all .avia-button.av-l5wcfciu-813d09efe52dc1c61f2a651df87d66ec:hover .avia_button_background{\nborder-radius:30px 30px 30px 30px;\n}\n#top #wrap_all .avia-button.av-l5wcfciu-813d09efe52dc1c61f2a651df87d66ec .avia-svg-icon svg:first-child{\nfill:#ffffff;\nstroke:#ffffff;\n}\n#top #wrap_all .avia-button.av-l5wcfciu-813d09efe52dc1c61f2a651df87d66ec:hover .avia-svg-icon svg:first-child{\nfill:#ffffff;\nstroke:#ffffff;\n}\n<\/style>\n<a href='http:\/\/algo-care.com\/wp-content\/uploads\/2022\/07\/salute-e-benessere-maggio-2022.pdf'  class='avia-button av-l5wcfciu-813d09efe52dc1c61f2a651df87d66ec avia-icon_select-yes-left-icon avia-size-large'  target=\"_blank\"  rel=\"noopener noreferrer\"  aria-label=\"SCARICA IL PDF\"><span class='avia_button_icon avia_button_icon_left avia-iconfont avia-font-entypo-fontello' data-av_icon='\ue84b' data-av_iconfont='entypo-fontello' ><\/span><span class='avia_iconbox_title' >SCARICA IL PDF<\/span><\/a>\n<\/div><\/p><\/div><\/div><\/div><\/div><!-- close content main div --><\/div><\/div><div id='after_section_2'  class='main_color av_default_container_wrap container_wrap sidebar_right'  ><div class='container av-section-cont-open' ><div class='template-page content  av-content-small alpha units'><div class='post-entry post-entry-type-page post-entry-3552'><div class='entry-content-wrapper clearfix'><\/p>\n","protected":false},"excerpt":{"rendered":"","protected":false},"author":1,"featured_media":0,"parent":0,"menu_order":0,"comment_status":"closed","ping_status":"closed","template":"","meta":{"footnotes":""},"class_list":["post-3552","page","type-page","status-publish","hentry"],"_links":{"self":[{"href":"https:\/\/algo-care.com\/it\/wp-json\/wp\/v2\/pages\/3552","targetHints":{"allow":["GET"]}}],"collection":[{"href":"https:\/\/algo-care.com\/it\/wp-json\/wp\/v2\/pages"}],"about":[{"href":"https:\/\/algo-care.com\/it\/wp-json\/wp\/v2\/types\/page"}],"author":[{"embeddable":true,"href":"https:\/\/algo-care.com\/it\/wp-json\/wp\/v2\/users\/1"}],"replies":[{"embeddable":true,"href":"https:\/\/algo-care.com\/it\/wp-json\/wp\/v2\/comments?post=3552"}],"version-history":[{"count":25,"href":"https:\/\/algo-care.com\/it\/wp-json\/wp\/v2\/pages\/3552\/revisions"}],"predecessor-version":[{"id":4257,"href":"https:\/\/algo-care.com\/it\/wp-json\/wp\/v2\/pages\/3552\/revisions\/4257"}],"wp:attachment":[{"href":"https:\/\/algo-care.com\/it\/wp-json\/wp\/v2\/media?parent=3552"}],"curies":[{"name":"wp","href":"https:\/\/api.w.org\/{rel}","templated":true}]}}